{"id":156,"date":"2021-07-14T20:45:01","date_gmt":"2021-07-14T20:45:01","guid":{"rendered":"https:\/\/www.interprofinland.fi\/?page_id=156"},"modified":"2021-07-14T20:45:01","modified_gmt":"2021-07-14T20:45:01","slug":"underconstruction","status":"publish","type":"page","link":"https:\/\/www.interprofinland.fi\/fi\/underconstruction\/","title":{"rendered":"underconstruction"},"content":{"rendered":"<div id=\"sp-page\" class=\"spBgcover sp-content-4\" style=\"background-image: url('https:\/\/assets.seedprod.com\/93-7v88vkr23q3ujpcp.jpg'); font-family: Inter, sans-serif; font-weight: 400;\">\n<section id=\"sp-ckzdoppede1\" class=\"sp-el-section  spBgcover\" style=\"width: 100%; max-width: 100%; padding: 10px;\">\n<div id=\"sp-rahpdx4qbt4v\" class=\"sp-el-row sm:sp-flex sp-justify-between sp-w-full  sp-m-auto spBgcover\" style=\"padding: 10px; width: auto; max-width: 1000px; background-color: rgb(8, 8, 93);\">\n<div id=\"sp-nlys3wrlqsuq\" class=\"sp-el-col sp-p-4  spBgcover sp-w-full sp-highlight-row\" style=\"width: calc(50% - 0px); padding: 10px;\">\n<h1 id=\"sp-wxi918kaufaj\" data-mobile-css=\"\" data-mobile-visibility=\".sp-headline-block-wxi918kaufaj|false\" data-desktop-visibility=\".sp-headline-block-wxi918kaufaj|false\" class=\"sp-css-target sp-headline-block-wxi918kaufaj\" style=\"font-size: 60px; text-align: left; padding: 10px; margin-top: 0px;\">Site under construction<\/h1>\n<div id=\"sp-to9pc086it6g\" data-mobile-css=\"\" data-mobile-visibility=\".sp-text-wrapper-to9pc086it6g|false\" data-desktop-visibility=\".sp-text-wrapper-to9pc086it6g|false\" class=\"sp-css-target sp-text-wrapper sp-text-wrapper-to9pc086it6g\" style=\"padding: 10px; margin-top: 0px; text-align: left;\">\n<p>Get ready, something cool is coming!<\/p>\n<p>In the meantime, here&#8217;s how you can stay up to date:<\/p>\n<p>&nbsp;<\/p>\n<\/div>\n<div id=\"sp-bz8yoxok8c8\" data-mobile-css=\"\" data-mobile-visibility=\".sp-bulletlist-block-bz8yoxok8c8|false\" data-desktop-visibility=\".sp-bulletlist-block-bz8yoxok8c8|false\" class=\"sp-flex sp-css-target sp-bulletlist-block-template-0 sp-justify-start sp-bulletlist-block-bz8yoxok8c8\" style=\"padding: 10px; margin-top: 0px;\">\n<ul class=\"sp-bulletlist-wrapper\">\n<li class=\"sp-flex sp-items-center sp-justify-start\" style=\"padding: 0px 0px 8px;\"><span class=\"sp-icon-wrapper sp-mr-4\"><i class=\"fa-fw fa-lg fab fa-facebook\" style=\"width: 32px; line-height: 32px; color: rgb(30, 136, 229);\"><\/i><\/span><span><a href=\"https:\/\/www.facebook.com\/interprofinland\/\">Follow our Facebook Page.<\/a><\/span><\/li>\n<li class=\"sp-flex sp-items-center sp-justify-start\" style=\"padding: 0px 0px 8px;\"><span class=\"sp-icon-wrapper sp-mr-4\"><i class=\"fa-fw fa-lg fab fa-facebook\" style=\"width: 32px; line-height: 32px; color: rgb(30, 136, 229);\"><\/i><\/span><span><a href=\"https:\/\/www.facebook.com\/groups\/interprofinland\">Join our Facebook Community of International Professionals.<\/a><\/span><\/li>\n<li class=\"sp-flex sp-items-center sp-justify-start\" style=\"\"><span class=\"sp-icon-wrapper sp-mr-4\"><i class=\"fa-fw fa-lg fab fa-instagram\" style=\"width: 32px; line-height: 32px; color: rgb(30, 136, 229);\"><\/i><\/span><span><a href=\"https:\/\/www.instagram.com\/interprofinland\/\">Follow us on Instagram<\/a><\/span><\/li>\n<\/ul>\n<\/div>\n<\/div>\n<div id=\"sp-sysknox8r1l\" class=\"sp-el-col sp-p-4  spBgcover sp-w-full sp-highlight-row\" style=\"width: calc(50% - 0px); padding: 10px;\">\n<figure id=\"sp-wjkkjogg2c2\" class=\"sp-image-wrapper\" style=\"margin-top: 0px; padding: 10px; text-align: center;\"><span><img decoding=\"async\" src=\"https:\/\/www.interprofinland.fi\/wp-content\/uploads\/2021\/07\/Logo-cropped.jpg\" alt=\"\" data-mobile-visibility=\".sp-image-block-wjkkjogg2c2|false\" data-desktop-visibility=\".sp-image-block-wjkkjogg2c2|false\" class=\"sp-image-block-wjkkjogg2c2\" srcset=\" https:\/\/www.interprofinland.fi\/wp-content\/uploads\/2021\/07\/Logo-cropped-300x300.jpg 300w, https:\/\/www.interprofinland.fi\/wp-content\/uploads\/2021\/07\/Logo-cropped-450x301.jpg 450w, https:\/\/www.interprofinland.fi\/wp-content\/uploads\/2021\/07\/Logo-cropped-1024x684.jpg 1024w, https:\/\/www.interprofinland.fi\/wp-content\/uploads\/2021\/07\/Logo-cropped.jpg 2253w\" draggable=\"false\" style=\"border-width: 1px; border-style: solid; border-color: rgb(222, 222, 222); padding: 5px; background-color: rgb(255, 255, 255);\"><\/span><\/figure>\n<\/div>\n<\/div>\n<\/section>\n<\/div>","protected":false},"excerpt":{"rendered":"<p>Site under construction Get ready, something cool is coming! In the meantime, here&#8217;s how you can stay up to date: &nbsp; Follow our Facebook Page. Join our Facebook Community of International Professionals. Follow us on Instagram<\/p>","protected":false},"author":2,"featured_media":0,"parent":0,"menu_order":0,"comment_status":"closed","ping_status":"closed","template":"","meta":{"_et_pb_use_builder":"","_et_pb_old_content":"","_et_gb_content_width":"","footnotes":""},"class_list":["post-156","page","type-page","status-publish","hentry"],"yoast_head":"<!-- This site is optimized with the Yoast SEO plugin v27.5 - https:\/\/yoast.com\/product\/yoast-seo-wordpress\/ -->\n<title>InterProFinland | underconstruction<\/title>\n<meta name=\"description\" content=\"underconstruction\" \/>\n<meta name=\"robots\" content=\"index, follow, max-snippet:-1, max-image-preview:large, max-video-preview:-1\" \/>\n<link rel=\"canonical\" href=\"https:\/\/www.interprofinland.fi\/fi\/underconstruction\/\" \/>\n<meta property=\"og:locale\" content=\"fi_FI\" \/>\n<meta property=\"og:type\" content=\"article\" \/>\n<meta property=\"og:title\" content=\"InterProFinland | underconstruction\" \/>\n<meta property=\"og:description\" content=\"underconstruction\" \/>\n<meta property=\"og:url\" content=\"https:\/\/www.interprofinland.fi\/fi\/underconstruction\/\" \/>\n<meta property=\"og:site_name\" content=\"InterProFinland\" \/>\n<meta property=\"article:publisher\" content=\"https:\/\/www.facebook.com\/interprofinland\" \/>\n<meta property=\"og:image\" content=\"https:\/\/www.interprofinland.fi\/wp-content\/uploads\/2021\/07\/Logo-cropped.jpg\" \/>\n<meta name=\"twitter:card\" content=\"summary_large_image\" \/>\n<script type=\"application\/ld+json\" class=\"yoast-schema-graph\">{\"@context\":\"https:\\\/\\\/schema.org\",\"@graph\":[{\"@type\":\"WebPage\",\"@id\":\"https:\\\/\\\/www.interprofinland.fi\\\/underconstruction\\\/\",\"url\":\"https:\\\/\\\/www.interprofinland.fi\\\/underconstruction\\\/\",\"name\":\"InterProFinland | underconstruction\",\"isPartOf\":{\"@id\":\"https:\\\/\\\/www.interprofinland.fi\\\/#website\"},\"primaryImageOfPage\":{\"@id\":\"https:\\\/\\\/www.interprofinland.fi\\\/underconstruction\\\/#primaryimage\"},\"image\":{\"@id\":\"https:\\\/\\\/www.interprofinland.fi\\\/underconstruction\\\/#primaryimage\"},\"thumbnailUrl\":\"https:\\\/\\\/www.interprofinland.fi\\\/wp-content\\\/uploads\\\/2021\\\/07\\\/Logo-cropped.jpg\",\"datePublished\":\"2021-07-14T20:45:01+00:00\",\"description\":\"underconstruction\",\"breadcrumb\":{\"@id\":\"https:\\\/\\\/www.interprofinland.fi\\\/underconstruction\\\/#breadcrumb\"},\"inLanguage\":\"fi\",\"potentialAction\":[{\"@type\":\"ReadAction\",\"target\":[\"https:\\\/\\\/www.interprofinland.fi\\\/underconstruction\\\/\"]}]},{\"@type\":\"ImageObject\",\"inLanguage\":\"fi\",\"@id\":\"https:\\\/\\\/www.interprofinland.fi\\\/underconstruction\\\/#primaryimage\",\"url\":\"https:\\\/\\\/www.interprofinland.fi\\\/wp-content\\\/uploads\\\/2021\\\/07\\\/Logo-cropped.jpg\",\"contentUrl\":\"https:\\\/\\\/www.interprofinland.fi\\\/wp-content\\\/uploads\\\/2021\\\/07\\\/Logo-cropped.jpg\"},{\"@type\":\"BreadcrumbList\",\"@id\":\"https:\\\/\\\/www.interprofinland.fi\\\/underconstruction\\\/#breadcrumb\",\"itemListElement\":[{\"@type\":\"ListItem\",\"position\":1,\"name\":\"Home\",\"item\":\"https:\\\/\\\/www.interprofinland.fi\\\/en\\\/\"},{\"@type\":\"ListItem\",\"position\":2,\"name\":\"underconstruction\"}]},{\"@type\":\"WebSite\",\"@id\":\"https:\\\/\\\/www.interprofinland.fi\\\/#website\",\"url\":\"https:\\\/\\\/www.interprofinland.fi\\\/\",\"name\":\"International Professionals Finland\",\"description\":\"Providing customised guidance and creating collaborative opportunities for International Professionals to establish and use their skills in Finland.\",\"publisher\":{\"@id\":\"https:\\\/\\\/www.interprofinland.fi\\\/#organization\"},\"alternateName\":\"InterProFinland\",\"potentialAction\":[{\"@type\":\"SearchAction\",\"target\":{\"@type\":\"EntryPoint\",\"urlTemplate\":\"https:\\\/\\\/www.interprofinland.fi\\\/?s={search_term_string}\"},\"query-input\":{\"@type\":\"PropertyValueSpecification\",\"valueRequired\":true,\"valueName\":\"search_term_string\"}}],\"inLanguage\":\"fi\"},{\"@type\":\"Organization\",\"@id\":\"https:\\\/\\\/www.interprofinland.fi\\\/#organization\",\"name\":\"InterProFinland\",\"alternateName\":\"InterProFinland\",\"url\":\"https:\\\/\\\/www.interprofinland.fi\\\/\",\"logo\":{\"@type\":\"ImageObject\",\"inLanguage\":\"fi\",\"@id\":\"https:\\\/\\\/www.interprofinland.fi\\\/#\\\/schema\\\/logo\\\/image\\\/\",\"url\":\"https:\\\/\\\/www.interprofinland.fi\\\/wp-content\\\/uploads\\\/2021\\\/07\\\/Logo_Twitter.png\",\"contentUrl\":\"https:\\\/\\\/www.interprofinland.fi\\\/wp-content\\\/uploads\\\/2021\\\/07\\\/Logo_Twitter.png\",\"width\":400,\"height\":400,\"caption\":\"InterProFinland\"},\"image\":{\"@id\":\"https:\\\/\\\/www.interprofinland.fi\\\/#\\\/schema\\\/logo\\\/image\\\/\"},\"sameAs\":[\"https:\\\/\\\/www.facebook.com\\\/interprofinland\",\"https:\\\/\\\/www.linkedin.com\\\/company\\\/interprofinland\\\/\",\"https:\\\/\\\/www.instagram.com\\\/interprofinland\\\/\"]}]}<\/script>\n<!-- \/ Yoast SEO plugin. -->","yoast_head_json":{"title":"InterProFinland | underconstruction","description":"underconstruction","robots":{"index":"index","follow":"follow","max-snippet":"max-snippet:-1","max-image-preview":"max-image-preview:large","max-video-preview":"max-video-preview:-1"},"canonical":"https:\/\/www.interprofinland.fi\/fi\/underconstruction\/","og_locale":"fi_FI","og_type":"article","og_title":"InterProFinland | underconstruction","og_description":"underconstruction","og_url":"https:\/\/www.interprofinland.fi\/fi\/underconstruction\/","og_site_name":"InterProFinland","article_publisher":"https:\/\/www.facebook.com\/interprofinland","og_image":[{"url":"https:\/\/www.interprofinland.fi\/wp-content\/uploads\/2021\/07\/Logo-cropped.jpg","type":"","width":"","height":""}],"twitter_card":"summary_large_image","schema":{"@context":"https:\/\/schema.org","@graph":[{"@type":"WebPage","@id":"https:\/\/www.interprofinland.fi\/underconstruction\/","url":"https:\/\/www.interprofinland.fi\/underconstruction\/","name":"InterProFinland | underconstruction","isPartOf":{"@id":"https:\/\/www.interprofinland.fi\/#website"},"primaryImageOfPage":{"@id":"https:\/\/www.interprofinland.fi\/underconstruction\/#primaryimage"},"image":{"@id":"https:\/\/www.interprofinland.fi\/underconstruction\/#primaryimage"},"thumbnailUrl":"https:\/\/www.interprofinland.fi\/wp-content\/uploads\/2021\/07\/Logo-cropped.jpg","datePublished":"2021-07-14T20:45:01+00:00","description":"underconstruction","breadcrumb":{"@id":"https:\/\/www.interprofinland.fi\/underconstruction\/#breadcrumb"},"inLanguage":"fi","potentialAction":[{"@type":"ReadAction","target":["https:\/\/www.interprofinland.fi\/underconstruction\/"]}]},{"@type":"ImageObject","inLanguage":"fi","@id":"https:\/\/www.interprofinland.fi\/underconstruction\/#primaryimage","url":"https:\/\/www.interprofinland.fi\/wp-content\/uploads\/2021\/07\/Logo-cropped.jpg","contentUrl":"https:\/\/www.interprofinland.fi\/wp-content\/uploads\/2021\/07\/Logo-cropped.jpg"},{"@type":"BreadcrumbList","@id":"https:\/\/www.interprofinland.fi\/underconstruction\/#breadcrumb","itemListElement":[{"@type":"ListItem","position":1,"name":"Home","item":"https:\/\/www.interprofinland.fi\/en\/"},{"@type":"ListItem","position":2,"name":"underconstruction"}]},{"@type":"WebSite","@id":"https:\/\/www.interprofinland.fi\/#website","url":"https:\/\/www.interprofinland.fi\/","name":"International Professionals Finland","description":"R\u00e4\u00e4t\u00e4l\u00f6idyn ohjauksen tarjoaminen ja yhteisty\u00f6mahdollisuuksien luominen kansainv\u00e4lisille ammattilaisille, tavoitteena taitojen vakiinnuttaminen ja hy\u00f6dynt\u00e4minen Suomessa.","publisher":{"@id":"https:\/\/www.interprofinland.fi\/#organization"},"alternateName":"InterProFinland","potentialAction":[{"@type":"SearchAction","target":{"@type":"EntryPoint","urlTemplate":"https:\/\/www.interprofinland.fi\/?s={search_term_string}"},"query-input":{"@type":"PropertyValueSpecification","valueRequired":true,"valueName":"search_term_string"}}],"inLanguage":"fi"},{"@type":"Organization","@id":"https:\/\/www.interprofinland.fi\/#organization","name":"InterProFinland","alternateName":"InterProFinland","url":"https:\/\/www.interprofinland.fi\/","logo":{"@type":"ImageObject","inLanguage":"fi","@id":"https:\/\/www.interprofinland.fi\/#\/schema\/logo\/image\/","url":"https:\/\/www.interprofinland.fi\/wp-content\/uploads\/2021\/07\/Logo_Twitter.png","contentUrl":"https:\/\/www.interprofinland.fi\/wp-content\/uploads\/2021\/07\/Logo_Twitter.png","width":400,"height":400,"caption":"InterProFinland"},"image":{"@id":"https:\/\/www.interprofinland.fi\/#\/schema\/logo\/image\/"},"sameAs":["https:\/\/www.facebook.com\/interprofinland","https:\/\/www.linkedin.com\/company\/interprofinland\/","https:\/\/www.instagram.com\/interprofinland\/"]}]}},"_links":{"self":[{"href":"https:\/\/www.interprofinland.fi\/fi\/wp-json\/wp\/v2\/pages\/156","targetHints":{"allow":["GET"]}}],"collection":[{"href":"https:\/\/www.interprofinland.fi\/fi\/wp-json\/wp\/v2\/pages"}],"about":[{"href":"https:\/\/www.interprofinland.fi\/fi\/wp-json\/wp\/v2\/types\/page"}],"author":[{"embeddable":true,"href":"https:\/\/www.interprofinland.fi\/fi\/wp-json\/wp\/v2\/users\/2"}],"replies":[{"embeddable":true,"href":"https:\/\/www.interprofinland.fi\/fi\/wp-json\/wp\/v2\/comments?post=156"}],"version-history":[{"count":3,"href":"https:\/\/www.interprofinland.fi\/fi\/wp-json\/wp\/v2\/pages\/156\/revisions"}],"predecessor-version":[{"id":162,"href":"https:\/\/www.interprofinland.fi\/fi\/wp-json\/wp\/v2\/pages\/156\/revisions\/162"}],"wp:attachment":[{"href":"https:\/\/www.interprofinland.fi\/fi\/wp-json\/wp\/v2\/media?parent=156"}],"curies":[{"name":"wp","href":"https:\/\/api.w.org\/{rel}","templated":true}]}}